{"id":701,"date":"2021-09-17T10:38:45","date_gmt":"2021-09-17T15:38:45","guid":{"rendered":"https:\/\/americaseventhub.com\/pricing-tables\/"},"modified":"2026-02-21T14:52:23","modified_gmt":"2026-02-21T19:52:23","slug":"pricing-tables","status":"publish","type":"page","link":"https:\/\/americaseventhub.com\/en\/pricing-tables\/","title":{"rendered":"Pricing Tables"},"content":{"rendered":"\t\t<div data-elementor-type=\"wp-page\" data-elementor-id=\"701\" class=\"elementor elementor-701 elementor-129\">\n\t\t\t\t<div class=\"elementor-element elementor-element-717e287a e-flex e-con-boxed e-con e-parent\" data-id=\"717e287a\" data-element_type=\"container\" data-e-type=\"container\">\n\t\t\t\t\t<div class=\"e-con-inner\">\n\t\t\t\t<div class=\"elementor-element elementor-element-d6ec522 elementor-widget elementor-widget-listeo-pricingtable-woocommerce\" data-id=\"d6ec522\" data-element_type=\"widget\" data-e-type=\"widget\" data-widget_type=\"listeo-pricingtable-woocommerce.default\">\n\t\t\t\t<div class=\"elementor-widget-container\">\n\t\t\t\t\t\n\t\t<div class=\"new-pricing-packages-container margin-top-30\">\n\n\t\t\t\t\t<\/div>\n\t\t\t\t<\/div>\n\t\t\t\t<\/div>\n\t\t\t\t\t<\/div>\n\t\t\t\t<\/div>\n\t\t\t\t<\/div>\n\t\t","protected":false},"excerpt":{"rendered":"<p>B\u00e1sico Mejor valor $0.00 B\u00e1sico caracter\u00edsticas: N\u00famero ilimitado de listados Disponibilidad ilimitada de listados Perfil General Cobros via AEH Sello de Verificado Zafiro Add Listing Profesional Monthly subscription for unlimited listings and availability $10.00 Profesional caracter\u00edsticas: N\u00famero ilimitado de listados Disponibilidad ilimitada de listados Perfil Medio Publicaci\u00f3n en portal web Publicaci\u00f3n de 1 video Publicaci\u00f3n [&hellip;]<\/p>\n","protected":false},"author":1,"featured_media":0,"parent":0,"menu_order":0,"comment_status":"closed","ping_status":"closed","template":"","meta":{"footnotes":""},"class_list":["post-701","page","type-page","status-publish","hentry"],"_links":{"self":[{"href":"https:\/\/americaseventhub.com\/en\/wp-json\/wp\/v2\/pages\/701","targetHints":{"allow":["GET"]}}],"collection":[{"href":"https:\/\/americaseventhub.com\/en\/wp-json\/wp\/v2\/pages"}],"about":[{"href":"https:\/\/americaseventhub.com\/en\/wp-json\/wp\/v2\/types\/page"}],"author":[{"embeddable":true,"href":"https:\/\/americaseventhub.com\/en\/wp-json\/wp\/v2\/users\/1"}],"replies":[{"embeddable":true,"href":"https:\/\/americaseventhub.com\/en\/wp-json\/wp\/v2\/comments?post=701"}],"version-history":[{"count":1,"href":"https:\/\/americaseventhub.com\/en\/wp-json\/wp\/v2\/pages\/701\/revisions"}],"predecessor-version":[{"id":702,"href":"https:\/\/americaseventhub.com\/en\/wp-json\/wp\/v2\/pages\/701\/revisions\/702"}],"wp:attachment":[{"href":"https:\/\/americaseventhub.com\/en\/wp-json\/wp\/v2\/media?parent=701"}],"curies":[{"name":"wp","href":"https:\/\/api.w.org\/{rel}","templated":true}]}}